{"id":22,"date":"2020-08-19T18:17:19","date_gmt":"2020-08-19T18:17:19","guid":{"rendered":"http:\/\/www.farm-gps.at\/?page_id=22"},"modified":"2021-02-01T21:06:45","modified_gmt":"2021-02-01T20:06:45","slug":"unsere-leistungen","status":"publish","type":"page","link":"https:\/\/www.farm-gps.at\/?page_id=22","title":{"rendered":"RTK Signal von Farm GPS"},"content":{"rendered":"<div id='av_section_1'  class='avia-section main_color avia-section-huge avia-no-shadow  avia-full-stretch av-section-color-overlay-active avia-bg-style-scroll  avia-builder-el-0  el_before_av_buttonrow  avia-builder-el-first   container_wrap sidebar_right' style='background-repeat: no-repeat; background-image: url(https:\/\/www.farm-gps.at\/wp-content\/uploads\/2020\/08\/farm-gps-backgorund-1.jpg);background-attachment: scroll; background-position: top center;  '  data-section-bg-repeat='stretch'><div class='av-section-color-overlay-wrap'><div class='av-section-color-overlay' style='opacity: 0.6; background-color: #000000; '><\/div><div class='container' ><main  role=\"main\" itemprop=\"mainContentOfPage\"  class='template-page content  av-content-small alpha units'><div class='post-entry post-entry-type-page post-entry-22'><div class='entry-content-wrapper clearfix'>\n<div  style='padding-bottom:0px; color:#ffffff;font-size:40px;' class='av-special-heading av-special-heading-h1 custom-color-heading blockquote modern-quote modern-centered  avia-builder-el-1  el_before_av_hr  avia-builder-el-first  av-inherit-size '><h1 class='av-special-heading-tag '  itemprop=\"headline\"  >RTK Signal von Farm GPS<\/h1><div class='special-heading-border'><div class='special-heading-inner-border' style='border-color:#ffffff'><\/div><\/div><\/div>\n<div  style=' margin-top:30px; margin-bottom:30px;'  class='hr hr-custom hr-center hr-icon-no   avia-builder-el-2  el_after_av_heading  el_before_av_textblock '><span class='hr-inner  inner-border-av-border-fat' style=' width:50px; border-color:#ffffff;' ><span class='hr-inner-style'><\/span><\/span><\/div>\n<section class=\"av_textblock_section \"  itemscope=\"itemscope\" itemtype=\"https:\/\/schema.org\/CreativeWork\" ><div class='avia_textblock  av_inherit_color '  style='color:#dddddd; '  itemprop=\"text\" ><p style=\"text-align: center;\">Hier findet ihr alle Infos zum Korrektursignal von Farm GPS<\/p>\n<\/div><\/section>\n<\/div><\/div><\/main><!-- close content main element --><\/div><\/div><\/div><div id='after_section_1'  class='main_color av_default_container_wrap container_wrap sidebar_right' style=' '  ><div class='container' ><div class='template-page content  av-content-small alpha units'><div class='post-entry post-entry-type-page post-entry-22'><div class='entry-content-wrapper clearfix'>\n<div  class='avia-buttonrow-wrap avia-buttonrow-center   avia-builder-el-4  el_after_av_section  el_before_av_section  avia-builder-el-no-sibling '>\n<a href='#pricing'  class='avia-button  avia-color-theme-color  avia-icon_select-yes-left-icon avia-size-small '  style='margin-bottom:5px; margin-left:3px; margin-right:3px; ' ><span class='avia_button_icon avia_button_icon_left ' aria-hidden='true' data-av_icon='\ue859' data-av_iconfont='entypo-fontello'><\/span><span class='avia_iconbox_title' >Preise<\/span><\/a>\n<a href='#availbility'  class='avia-button  avia-color-theme-color  avia-icon_select-yes-left-icon avia-size-small '  style='margin-bottom:5px; margin-left:3px; margin-right:3px; ' ><span class='avia_button_icon avia_button_icon_left ' aria-hidden='true' data-av_icon='\ue826' data-av_iconfont='entypo-fontello'><\/span><span class='avia_iconbox_title' >Verf\u00fcgbarkeit<\/span><\/a>\n<a href='#compatibility'  class='avia-button  avia-color-theme-color  avia-icon_select-yes-left-icon avia-size-small '  style='margin-bottom:5px; margin-left:3px; margin-right:3px; ' ><span class='avia_button_icon avia_button_icon_left ' aria-hidden='true' data-av_icon='\ue812' data-av_iconfont='entypo-fontello'><\/span><span class='avia_iconbox_title' >Kompatibilit\u00e4t<\/span><\/a>\n<\/div>\n<\/div><\/div><\/div><!-- close content main div --><\/div><\/div><div id='pricing'  class='avia-section main_color avia-section-default avia-no-border-styling  avia-bg-style-scroll  avia-builder-el-5  el_after_av_buttonrow  el_before_av_hr   container_wrap sidebar_right' style=' '  ><div class='container' ><div class='template-page content  av-content-small alpha units'><div class='post-entry post-entry-type-page post-entry-22'><div class='entry-content-wrapper clearfix'>\n<div  style='padding-bottom:10px; ' class='av-special-heading av-special-heading-h3    avia-builder-el-6  el_before_av_textblock  avia-builder-el-first  '><h3 class='av-special-heading-tag '  itemprop=\"headline\"  >Preise<\/h3><div class='special-heading-border'><div class='special-heading-inner-border' ><\/div><\/div><\/div>\n<section class=\"av_textblock_section \"  itemscope=\"itemscope\" itemtype=\"https:\/\/schema.org\/CreativeWork\" ><div class='avia_textblock  '  style='font-size:16px; '  itemprop=\"text\" ><p>Farm GPS bietet dir eine kosteng\u00fcnstige Alternative zu den am Markt vorhandenen Anbietern f\u00fcr RTK-Korrektursignale. Als unabh\u00e4ngiges und spezialisiertes Unternehmen bieten wir den Vorteil, hohe Verf\u00fcgbarkeit und Kompatibilit\u00e4t mit einem sehr g\u00fcnstigen Jahrestarif verkn\u00fcpfen zu k\u00f6nnen.<\/p>\n<p>Die unten angef\u00fchrte Tabelle zeigt die einfache Tarifstruktur mit nur zwei Optionen, abh\u00e4ngig davon, ob du bereits \u00fcber eine Multi-Netz Daten-SIM-Karte ver\u00fcgstt (Option 1) oder diese noch ben\u00f6tigst (Option 2).<\/p>\n<figure class=\"wp-block-table is-style-stripes\">\n<table class=\"has-fixed-layout\">\n<thead>\n<tr>\n<th>\n<h3>RTK-Korrektursignal von Farm GPS<\/h3>\n<\/th>\n<th>\n<h4>Option 1<\/h4>\n<\/th>\n<th>\n<h4>Option 2<\/h4>\n<\/th>\n<th>\n<h4>Option 3<\/h4>\n<\/th>\n<\/tr>\n<\/thead>\n<tbody>\n<tr>\n<td><strong>Lesistungsumfang<\/strong><\/td>\n<td><strong>RTK-Signal<\/strong><\/td>\n<td><strong>RTK-Signal inkl. <\/strong><strong>Multi-Netz SIM-Karte<\/strong><\/td>\n<td><strong>Multi-Netz SIM-Karte<\/strong><\/td>\n<\/tr>\n<tr>\n<td><strong>Jahrestarif (netto)*<\/strong><\/td>\n<td><strong>EUR 190,-<\/strong><\/td>\n<td><strong>EUR 260,-<\/strong><\/td>\n<td><strong>EUR 90,-<\/strong><\/td>\n<\/tr>\n<\/tbody>\n<tfoot>\n<tr>\n<td>*Die angef\u00fchrten Preise verstehen sich netto zzgl. 20% USt.<\/td>\n<td><\/td>\n<td><\/td>\n<\/tr>\n<\/tfoot>\n<\/table>\n<\/figure>\n<figure class=\"wp-block-pullquote is-style-default\">\n<blockquote>\n<p>Bestelle das<br \/>\n<strong>RTK-Korrektursignal von Farm GPS<\/strong><br \/>\nund erhalte einen<br \/>\n<strong>kostenlosen Zugang f\u00fcr die ersten 3 Monate!<\/strong><\/p>\n<p><cite><strong>Begrenzte Einf\u00fchrungsaktion<\/strong> &#8211; g\u00fcltig bis auf Widerruf<\/cite><\/p>\n<\/blockquote>\n<\/figure>\n<\/div><\/section>\n<div  class='avia-button-wrap avia-button-left  avia-builder-el-8  el_after_av_textblock  avia-builder-el-last ' ><a href='https:\/\/www.farm-gps.at\/?page_id=3459'  class='avia-button  avia-color-theme-color   avia-icon_select-yes-left-icon avia-size-large avia-position-left '   ><span class='avia_button_icon avia_button_icon_left ' aria-hidden='true' data-av_icon='\ue859' data-av_iconfont='entypo-fontello'><\/span><span class='avia_iconbox_title' >Bestellformular<\/span><\/a><\/div>\n<\/div><\/div><\/div><!-- close content main div --><\/div><\/div><div id='after_section_2'  class='main_color av_default_container_wrap container_wrap sidebar_right' style=' '  ><div class='container' ><div class='template-page content  av-content-small alpha units'><div class='post-entry post-entry-type-page post-entry-22'><div class='entry-content-wrapper clearfix'><div   class='hr hr-default   avia-builder-el-9  el_after_av_section  el_before_av_section  avia-builder-el-no-sibling '><span class='hr-inner ' ><span class='hr-inner-style'><\/span><\/span><\/div><\/p>\n<\/div><\/div><\/div><!-- close content main div --><\/div><\/div><div id='compatibility'  class='avia-section main_color avia-section-default avia-no-border-styling  avia-bg-style-scroll  avia-builder-el-10  el_after_av_hr  el_before_av_section   container_wrap sidebar_right' style=' '  ><div class='container' ><div class='template-page content  av-content-small alpha units'><div class='post-entry post-entry-type-page post-entry-22'><div class='entry-content-wrapper clearfix'>\n<div  style='padding-bottom:10px; ' class='av-special-heading av-special-heading-h3    avia-builder-el-11  el_before_av_one_half  avia-builder-el-first  '><h3 class='av-special-heading-tag '  itemprop=\"headline\"  >Verf\u00fcgbarkeit<\/h3><div class='special-heading-border'><div class='special-heading-inner-border' ><\/div><\/div><\/div>\n<div class=\"flex_column av_one_half  flex_column_div av-zero-column-padding first  avia-builder-el-12  el_after_av_heading  el_before_av_one_half  \" style='border-radius:0px; '><p><section class=\"av_textblock_section \"  itemscope=\"itemscope\" itemtype=\"https:\/\/schema.org\/CreativeWork\" ><div class='avia_textblock  '   itemprop=\"text\" ><p>Das RTK-Korrektursignal von Farm GPS kann aktuell in den Bezirken<strong> Sch\u00e4rding, Ried im Innkreis sowie in weiten Teilen Braunaus und Grieskirchens<\/strong> empfangen werden. Momentan sind in diesen Bezirken mehrere Basissationen im Einsatz um jederzeit einen sicheren Zugang zum Korrektursignal anbieten zu k\u00f6nnen. Die blauen Kreise in der rechts dargestellten Karte illustrieren die momentane Reichweite des RTK-Korrektursignales von Farm GPS.<\/p>\n<p>Derzeit arbeiten wir an einem weiteren Ausbau der Infrastruktur f\u00fcr ganz \u00d6sterreich, wobei ein hoher Qualtit\u00e4tsanspruch an die Basisstationen f\u00fcr uns oberste Priorit\u00e4t hat.<\/p>\n<p>Falls in deiner Region noch kein RTK-Korrektursignal von Farm GPS vergf\u00fcgbar ist, bieten wir bei Interesse gerne eine Kooperation zum Betrieb einer Basisstation an.<\/p>\n<p>Kontaktiere uns einfach \u00fcber das Kontaktformular und wir werden uns umgehend bei dir melden.<\/p>\n<\/div><\/section><br \/>\n<div  class='avia-button-wrap avia-button-left  avia-builder-el-14  el_after_av_textblock  avia-builder-el-last ' ><a href='https:\/\/www.farm-gps.at\/?page_id=632'  class='avia-button  avia-color-theme-color   avia-icon_select-yes-left-icon avia-size-large avia-position-left '   ><span class='avia_button_icon avia_button_icon_left ' aria-hidden='true' data-av_icon='\ue805' data-av_iconfont='entypo-fontello'><\/span><span class='avia_iconbox_title' >Kontakt<\/span><\/a><\/div><\/p><\/div><div class=\"flex_column av_one_half  flex_column_div av-zero-column-padding   avia-builder-el-15  el_after_av_one_half  avia-builder-el-last  \" style='border-radius:0px; '><div  class='avia-image-container  av-styling-    avia-builder-el-16  avia-builder-el-no-sibling  avia-align-center '  itemprop=\"image\" itemscope=\"itemscope\" itemtype=\"https:\/\/schema.org\/ImageObject\"  ><div class='avia-image-container-inner'><div class='avia-image-overlay-wrap'><img loading=\"lazy\" class='wp-image-3352 avia_image' src=\"https:\/\/www.farm-gps.at\/wp-content\/uploads\/2020\/10\/bild-abdeckung-1.png\" alt='' title='bild abdeckung' height=\"515\" width=\"960\"  itemprop=\"thumbnailUrl\" srcset=\"https:\/\/www.farm-gps.at\/wp-content\/uploads\/2020\/10\/bild-abdeckung-1.png 960w, https:\/\/www.farm-gps.at\/wp-content\/uploads\/2020\/10\/bild-abdeckung-1-300x161.png 300w, https:\/\/www.farm-gps.at\/wp-content\/uploads\/2020\/10\/bild-abdeckung-1-768x412.png 768w, https:\/\/www.farm-gps.at\/wp-content\/uploads\/2020\/10\/bild-abdeckung-1-705x378.png 705w\" sizes=\"(max-width: 960px) 100vw, 960px\" \/><\/div><\/div><\/div><\/div>\n\n<\/div><\/div><\/div><!-- close content main div --><\/div><\/div><div id='availbility'  class='avia-section main_color avia-section-default avia-no-border-styling  avia-bg-style-scroll  avia-builder-el-17  el_after_av_section  avia-builder-el-last   container_wrap sidebar_right' style=' '  ><div class='container' ><div class='template-page content  av-content-small alpha units'><div class='post-entry post-entry-type-page post-entry-22'><div class='entry-content-wrapper clearfix'>\n<div  style='padding-bottom:10px; ' class='av-special-heading av-special-heading-h3    avia-builder-el-18  el_before_av_one_full  avia-builder-el-first  '><h3 class='av-special-heading-tag '  itemprop=\"headline\"  >Kompatibilit\u00e4t <\/h3><div class='special-heading-border'><div class='special-heading-inner-border' ><\/div><\/div><\/div>\n<div class=\"flex_column av_one_full  flex_column_div av-zero-column-padding first  avia-builder-el-19  el_after_av_heading  avia-builder-el-last  \" style='border-radius:0px; '><section class=\"av_textblock_section \"  itemscope=\"itemscope\" itemtype=\"https:\/\/schema.org\/CreativeWork\" ><div class='avia_textblock  '   itemprop=\"text\" ><p>Unser RTK-Korrektursignal ist mit allen g\u00e4ngigen Lenksystemen und GPS-Empf\u00e4ngern namhafter Hersteller wie <strong>Trimble, Topcon, Novatel, Reichardt, M\u00fcller, Raven, usw<\/strong>. Die Referenzstationen von Farm GPS sind mit neuesten Trimble GPS-Empf\u00e4ngern ausgestattet und k\u00f6nnen daher alle g\u00e4ngingen Satellitensyteme (GPS, GLONASS, Beidou, Galileo, QZS, ..) empfangen. Im Vergleich zu anderen Stationen und Anbietern k\u00f6nnen wir auch Korrekturdaten von \u00e4lteren GPS-Satelliten anbieten sodass dir immer alle sichtbaren GPS-Satelliten zu Verf\u00fcgung stehen.<\/p>\n<p>Wenn du dir unsicher bist ob dein Lenksystem mit unserem Korrektursignal kompatibel ist kannst du gerne unser einmonatige Testphase in Anspruch nehmen!<\/p>\n<\/div><\/section><\/div>\n<\/div><\/div><\/div><!-- close content main div --><\/div><\/div><div id='after_section_4'  class='main_color av_default_container_wrap container_wrap sidebar_right' style=' '  ><div class='container' ><div class='template-page content  av-content-small alpha units'><div class='post-entry post-entry-type-page post-entry-22'><div class='entry-content-wrapper clearfix'>\n","protected":false},"excerpt":{"rendered":"","protected":false},"author":1,"featured_media":0,"parent":0,"menu_order":0,"comment_status":"closed","ping_status":"closed","template":"","meta":{"_monsterinsights_skip_tracking":false,"_monsterinsights_sitenote_active":false,"_monsterinsights_sitenote_note":"","_monsterinsights_sitenote_category":0},"yoast_head":"<!-- This site is optimized with the Yoast SEO plugin v15.7 - https:\/\/yoast.com\/wordpress\/plugins\/seo\/ -->\n<title>RTK Signal von Farm GPS - Farm GPS<\/title>\n<meta name=\"robots\" content=\"index, follow, max-snippet:-1, max-image-preview:large, max-video-preview:-1\" \/>\n<link rel=\"canonical\" href=\"https:\/\/www.farm-gps.at\/?page_id=22\" \/>\n<meta property=\"og:locale\" content=\"en_US\" \/>\n<meta property=\"og:type\" content=\"article\" \/>\n<meta property=\"og:title\" content=\"RTK Signal von Farm GPS - Farm GPS\" \/>\n<meta property=\"og:url\" content=\"https:\/\/www.farm-gps.at\/?page_id=22\" \/>\n<meta property=\"og:site_name\" content=\"Farm GPS\" \/>\n<meta property=\"article:modified_time\" content=\"2021-02-01T20:06:45+00:00\" \/>\n<meta name=\"twitter:card\" content=\"summary_large_image\" \/>\n<meta name=\"twitter:label1\" content=\"Est. reading time\">\n\t<meta name=\"twitter:data1\" content=\"5 minutes\">\n<script type=\"application\/ld+json\" class=\"yoast-schema-graph\">{\"@context\":\"https:\/\/schema.org\",\"@graph\":[{\"@type\":\"WebSite\",\"@id\":\"https:\/\/www.farm-gps.at\/#website\",\"url\":\"https:\/\/www.farm-gps.at\/\",\"name\":\"Farm GPS\",\"description\":\"Einfache und kosteng\\u00fcnstige RTK L\\u00f6sungen\",\"potentialAction\":[{\"@type\":\"SearchAction\",\"target\":\"https:\/\/www.farm-gps.at\/?s={search_term_string}\",\"query-input\":\"required name=search_term_string\"}],\"inLanguage\":\"en-US\"},{\"@type\":\"WebPage\",\"@id\":\"https:\/\/www.farm-gps.at\/?page_id=22#webpage\",\"url\":\"https:\/\/www.farm-gps.at\/?page_id=22\",\"name\":\"RTK Signal von Farm GPS - Farm GPS\",\"isPartOf\":{\"@id\":\"https:\/\/www.farm-gps.at\/#website\"},\"datePublished\":\"2020-08-19T18:17:19+00:00\",\"dateModified\":\"2021-02-01T20:06:45+00:00\",\"inLanguage\":\"en-US\",\"potentialAction\":[{\"@type\":\"ReadAction\",\"target\":[\"https:\/\/www.farm-gps.at\/?page_id=22\"]}]}]}<\/script>\n<!-- \/ Yoast SEO plugin. -->","_links":{"self":[{"href":"https:\/\/www.farm-gps.at\/index.php?rest_route=\/wp\/v2\/pages\/22"}],"collection":[{"href":"https:\/\/www.farm-gps.at\/index.php?rest_route=\/wp\/v2\/pages"}],"about":[{"href":"https:\/\/www.farm-gps.at\/index.php?rest_route=\/wp\/v2\/types\/page"}],"author":[{"embeddable":true,"href":"https:\/\/www.farm-gps.at\/index.php?rest_route=\/wp\/v2\/users\/1"}],"replies":[{"embeddable":true,"href":"https:\/\/www.farm-gps.at\/index.php?rest_route=%2Fwp%2Fv2%2Fcomments&post=22"}],"version-history":[{"count":32,"href":"https:\/\/www.farm-gps.at\/index.php?rest_route=\/wp\/v2\/pages\/22\/revisions"}],"predecessor-version":[{"id":3559,"href":"https:\/\/www.farm-gps.at\/index.php?rest_route=\/wp\/v2\/pages\/22\/revisions\/3559"}],"wp:attachment":[{"href":"https:\/\/www.farm-gps.at\/index.php?rest_route=%2Fwp%2Fv2%2Fmedia&parent=22"}],"curies":[{"name":"wp","href":"https:\/\/api.w.org\/{rel}","templated":true}]}}