{"id":21,"date":"2020-08-19T18:17:19","date_gmt":"2020-08-19T18:17:19","guid":{"rendered":"http:\/\/www.farm-gps.at\/?page_id=21"},"modified":"2021-02-01T20:29:22","modified_gmt":"2021-02-01T19:29:22","slug":"ueber-uns","status":"publish","type":"page","link":"https:\/\/www.farm-gps.at\/?page_id=21","title":{"rendered":"\u00dcber uns"},"content":{"rendered":"<div id='av_section_1'  class='avia-section main_color avia-section-huge avia-no-shadow  avia-full-stretch av-section-color-overlay-active avia-bg-style-scroll  avia-builder-el-0  el_before_av_section  avia-builder-el-first   container_wrap sidebar_right' style='background-repeat: no-repeat; background-image: url(https:\/\/www.farm-gps.at\/wp-content\/uploads\/2020\/08\/farm-gps-backgorund-1.jpg);background-attachment: scroll; background-position: top center;  '  data-section-bg-repeat='stretch'><div class='av-section-color-overlay-wrap'><div class='av-section-color-overlay' style='opacity: 0.6; background-color: #000000; '><\/div><div class='container' ><main  role=\"main\" itemprop=\"mainContentOfPage\"  class='template-page content  av-content-small alpha units'><div class='post-entry post-entry-type-page post-entry-21'><div class='entry-content-wrapper clearfix'>\n<div  style='padding-bottom:0px; color:#ffffff;font-size:40px;' class='av-special-heading av-special-heading-h1 custom-color-heading blockquote modern-quote modern-centered  avia-builder-el-1  el_before_av_hr  avia-builder-el-first  av-inherit-size '><h1 class='av-special-heading-tag '  itemprop=\"headline\"  >Unsere Vision:<br \/>RTK L\u00f6sungen f\u00fcr jeden, einfach und preiswert!<\/h1><div class='special-heading-border'><div class='special-heading-inner-border' style='border-color:#ffffff'><\/div><\/div><\/div>\n<div  style=' margin-top:30px; margin-bottom:30px;'  class='hr hr-custom hr-center hr-icon-no   avia-builder-el-2  el_after_av_heading  el_before_av_textblock '><span class='hr-inner  inner-border-av-border-fat' style=' width:50px; border-color:#ffffff;' ><span class='hr-inner-style'><\/span><\/span><\/div>\n<section class=\"av_textblock_section \"  itemscope=\"itemscope\" itemtype=\"https:\/\/schema.org\/CreativeWork\" ><div class='avia_textblock  av_inherit_color '  style='color:#dddddd; '  itemprop=\"text\" ><p style=\"text-align: center;\">Hier findet ihr die Entstehungsgeschichte von Farm GPS<\/p>\n<\/div><\/section>\n\n<\/div><\/div><\/main><!-- close content main element --><\/div><\/div><\/div><div id='av_section_2'  class='avia-section main_color avia-section-default avia-no-border-styling  avia-bg-style-scroll  avia-builder-el-4  el_after_av_section  avia-builder-el-last   container_wrap sidebar_right' style=' '  ><div class='container' ><div class='template-page content  av-content-small alpha units'><div class='post-entry post-entry-type-page post-entry-21'><div class='entry-content-wrapper clearfix'>\n<div  style='padding-bottom:10px; ' class='av-special-heading av-special-heading-h3    avia-builder-el-5  el_before_av_textblock  avia-builder-el-first  '><h3 class='av-special-heading-tag '  itemprop=\"headline\"  >Unsere Geschichte<\/h3><div class='special-heading-border'><div class='special-heading-inner-border' ><\/div><\/div><\/div>\n<section class=\"av_textblock_section \"  itemscope=\"itemscope\" itemtype=\"https:\/\/schema.org\/CreativeWork\" ><div class='avia_textblock  '   itemprop=\"text\" ><p><span lang=\"de-DE\">Wir, Thomas, ein leidenschaftlicher <\/span><span lang=\"de-DE\">Techniker<\/span><span lang=\"de-DE\"> und mehrfach ausgezeichneter Softwareentwickler, und Eduard, ein technikaffiner Landwirt mit Fokus auf die Praxistauglichkeit, haben uns zum Ziel gesetzt, landwirtschaftliche Betriebe bei der Umstellung <\/span>auf Precision Farming durch ein unabh\u00e4ngiges und kosteng\u00fcnstiges RTK Signal zu unterst\u00fctzen.<\/p>\n<p><span lang=\"de-DE\">Unsere Geschichte begann durch die COVID19 bedingte Schlie\u00dfung der Grenzen, als Eduard f\u00fcr die Bewirtschaftung der Spezialkulturen seiner landwirtschaftlichen Fl\u00e4chen im Fr\u00fchjahr nicht mehr gen\u00fcgend Saisonarbeitskr\u00e4fte engagieren konnte.<\/span><\/p>\n<p><a name=\"_GoBack\"><\/a> <span lang=\"de-DE\">In diesem Dilemma besch\u00e4ftigten wir uns intensiv mit der Frage, wie wir Arbeitsschritte und Prozessabl\u00e4ufe rationalisieren und vereinfachen k\u00f6nnen. Mit einigen Maschinenumbauten, unter anderem einem Lenksystem f\u00fcr den Traktor, konnten wir die fehlenden Mitarbeiter bei bestimmten T\u00e4tigkeiten zum Teil kompensieren. Als wir die GPS-Steuerung fertigstellten, ben\u00f6tigten wir ein exaktes Korrektursignal um zentimetergenau fahren zu k\u00f6nnen. Nachdem wir uns bei verschiedenen Anbietern erkundigten, haben uns die zum Teil sehr hohen Preise doch \u00fcberrascht. Mit Bedacht auf die Fixkosten und der Wirtschaftlichkeit des Lenksystems haben wir beschlossen eine eigene RTK-Basisstation zu <\/span><span lang=\"de-DE\">bauen<\/span><span lang=\"de-DE\">.<\/span><\/p>\n<p><span lang=\"de-DE\">In zahlreichen Stunden t\u00fcftelten wir daran, ein ausgekl\u00fcgeltes und leistbares System zu entwickeln, welches <\/span><span lang=\"de-DE\">mit<\/span> <span lang=\"de-DE\">allen g\u00e4ngingen<\/span><span lang=\"de-DE\"> Lenksysteme<\/span><span lang=\"de-DE\">n<\/span> <span lang=\"de-DE\">kompatibel<\/span><span lang=\"de-DE\"> ist. Best\u00e4rkt durch unsere landwirtschaftlichen Kollegen, denen wir unser Korrektursignal zum Testen zur Verf\u00fcgung stellten, festigte sich unser Gedanke, noch weiteren Landwirten an unserem Vorteil teilhaben lassen zu wollen.<\/span><\/p>\n<p><span lang=\"de-DE\">Aus dieser Version ist schlie\u00dflich Farm GPS entstanden,<\/span><span lang=\"de-DE\"> RTK-L\u00f6sungen f\u00fcr jeden, einfach und leistbar.<\/span><\/p>\n<\/div><\/section>\n<div  class='avia-image-container  av-styling-    avia-builder-el-7  el_after_av_textblock  avia-builder-el-last  avia-align-center '  itemprop=\"image\" itemscope=\"itemscope\" itemtype=\"https:\/\/schema.org\/ImageObject\"  ><div class='avia-image-container-inner'><div class='avia-image-overlay-wrap'><img loading=\"lazy\" class='wp-image-3532 avia_image' src=\"https:\/\/www.farm-gps.at\/wp-content\/uploads\/2021\/02\/IMG_20210130_110846-1030x773.jpg\" alt='' title='IMG_20210130_110846' height=\"773\" width=\"1030\"  itemprop=\"thumbnailUrl\" srcset=\"https:\/\/www.farm-gps.at\/wp-content\/uploads\/2021\/02\/IMG_20210130_110846-1030x773.jpg 1030w, https:\/\/www.farm-gps.at\/wp-content\/uploads\/2021\/02\/IMG_20210130_110846-300x225.jpg 300w, https:\/\/www.farm-gps.at\/wp-content\/uploads\/2021\/02\/IMG_20210130_110846-768x576.jpg 768w, https:\/\/www.farm-gps.at\/wp-content\/uploads\/2021\/02\/IMG_20210130_110846-1536x1152.jpg 1536w, https:\/\/www.farm-gps.at\/wp-content\/uploads\/2021\/02\/IMG_20210130_110846-2048x1536.jpg 2048w, https:\/\/www.farm-gps.at\/wp-content\/uploads\/2021\/02\/IMG_20210130_110846-1500x1125.jpg 1500w, https:\/\/www.farm-gps.at\/wp-content\/uploads\/2021\/02\/IMG_20210130_110846-705x529.jpg 705w\" sizes=\"(max-width: 1030px) 100vw, 1030px\" \/><\/div><\/div><\/div>\n<\/div><\/div><\/div><!-- close content main div --><\/div><\/div><div id='after_section_2'  class='main_color av_default_container_wrap container_wrap sidebar_right' style=' '  ><div class='container' ><div class='template-page content  av-content-small alpha units'><div class='post-entry post-entry-type-page post-entry-21'><div class='entry-content-wrapper clearfix'>\n","protected":false},"excerpt":{"rendered":"","protected":false},"author":1,"featured_media":0,"parent":0,"menu_order":0,"comment_status":"closed","ping_status":"closed","template":"","meta":{"_monsterinsights_skip_tracking":false,"_monsterinsights_sitenote_active":false,"_monsterinsights_sitenote_note":"","_monsterinsights_sitenote_category":0},"yoast_head":"<!-- This site is optimized with the Yoast SEO plugin v15.7 - https:\/\/yoast.com\/wordpress\/plugins\/seo\/ -->\n<title>\u00dcber uns - Farm GPS<\/title>\n<meta name=\"robots\" content=\"index, follow, max-snippet:-1, max-image-preview:large, max-video-preview:-1\" \/>\n<link rel=\"canonical\" href=\"https:\/\/www.farm-gps.at\/?page_id=21\" \/>\n<meta property=\"og:locale\" content=\"en_US\" \/>\n<meta property=\"og:type\" content=\"article\" \/>\n<meta property=\"og:title\" content=\"\u00dcber uns - Farm GPS\" \/>\n<meta property=\"og:url\" content=\"https:\/\/www.farm-gps.at\/?page_id=21\" \/>\n<meta property=\"og:site_name\" content=\"Farm GPS\" \/>\n<meta property=\"article:modified_time\" content=\"2021-02-01T19:29:22+00:00\" \/>\n<meta name=\"twitter:card\" content=\"summary_large_image\" \/>\n<meta name=\"twitter:label1\" content=\"Est. reading time\">\n\t<meta name=\"twitter:data1\" content=\"2 minutes\">\n<script type=\"application\/ld+json\" class=\"yoast-schema-graph\">{\"@context\":\"https:\/\/schema.org\",\"@graph\":[{\"@type\":\"WebSite\",\"@id\":\"https:\/\/www.farm-gps.at\/#website\",\"url\":\"https:\/\/www.farm-gps.at\/\",\"name\":\"Farm GPS\",\"description\":\"Einfache und kosteng\\u00fcnstige RTK L\\u00f6sungen\",\"potentialAction\":[{\"@type\":\"SearchAction\",\"target\":\"https:\/\/www.farm-gps.at\/?s={search_term_string}\",\"query-input\":\"required name=search_term_string\"}],\"inLanguage\":\"en-US\"},{\"@type\":\"WebPage\",\"@id\":\"https:\/\/www.farm-gps.at\/?page_id=21#webpage\",\"url\":\"https:\/\/www.farm-gps.at\/?page_id=21\",\"name\":\"\\u00dcber uns - Farm GPS\",\"isPartOf\":{\"@id\":\"https:\/\/www.farm-gps.at\/#website\"},\"datePublished\":\"2020-08-19T18:17:19+00:00\",\"dateModified\":\"2021-02-01T19:29:22+00:00\",\"inLanguage\":\"en-US\",\"potentialAction\":[{\"@type\":\"ReadAction\",\"target\":[\"https:\/\/www.farm-gps.at\/?page_id=21\"]}]}]}<\/script>\n<!-- \/ Yoast SEO plugin. -->","_links":{"self":[{"href":"https:\/\/www.farm-gps.at\/index.php?rest_route=\/wp\/v2\/pages\/21"}],"collection":[{"href":"https:\/\/www.farm-gps.at\/index.php?rest_route=\/wp\/v2\/pages"}],"about":[{"href":"https:\/\/www.farm-gps.at\/index.php?rest_route=\/wp\/v2\/types\/page"}],"author":[{"embeddable":true,"href":"https:\/\/www.farm-gps.at\/index.php?rest_route=\/wp\/v2\/users\/1"}],"replies":[{"embeddable":true,"href":"https:\/\/www.farm-gps.at\/index.php?rest_route=%2Fwp%2Fv2%2Fcomments&post=21"}],"version-history":[{"count":10,"href":"https:\/\/www.farm-gps.at\/index.php?rest_route=\/wp\/v2\/pages\/21\/revisions"}],"predecessor-version":[{"id":3533,"href":"https:\/\/www.farm-gps.at\/index.php?rest_route=\/wp\/v2\/pages\/21\/revisions\/3533"}],"wp:attachment":[{"href":"https:\/\/www.farm-gps.at\/index.php?rest_route=%2Fwp%2Fv2%2Fmedia&parent=21"}],"curies":[{"name":"wp","href":"https:\/\/api.w.org\/{rel}","templated":true}]}}