{"id":1328,"date":"2017-02-13T14:58:49","date_gmt":"2017-02-13T14:58:49","guid":{"rendered":"http:\/\/test.kriesi.at\/enfold-2017\/?page_id=1328"},"modified":"2020-10-18T16:10:56","modified_gmt":"2020-10-18T14:10:56","slug":"promo-box","status":"publish","type":"page","link":"https:\/\/www.farm-gps.at\/?page_id=1328","title":{"rendered":"Datenschutz"},"content":{"rendered":"<div  style='padding-bottom:15px; color:#000000;font-size:40px;' class='av-special-heading av-special-heading-h1 custom-color-heading blockquote modern-quote  avia-builder-el-0  el_before_av_textblock  avia-builder-el-first  av-inherit-size '><h1 class='av-special-heading-tag '  itemprop=\"headline\"  >Datenschutzerkl\u00e4rung<\/h1><div class='special-heading-border'><div class='special-heading-inner-border' style='border-color:#000000'><\/div><\/div><\/div>\n<section class=\"av_textblock_section \"  itemscope=\"itemscope\" itemtype=\"https:\/\/schema.org\/CreativeWork\" ><div class='avia_textblock  '   itemprop=\"text\" ><p><b>Erkl\u00e4rung zur Informationspflicht<\/b><\/p>\n<p><b>(Datenschutzerkl\u00e4rung)<\/b><\/p>\n<p>Der Schutz Ihrer pers\u00f6nlichen Daten ist uns ein besonderes Anliegen. Wir verarbeiten Ihre Daten daher ausschlie\u00dflich auf Grundlage der gesetzlichen Bestimmungen (DSGVO, TKG 2003). In diesen Datenschutzinformationen informieren wir Sie \u00fcber die wichtigsten Aspekte der Datenverarbeitung im Rahmen unserer Website.<\/p>\n<p><b>Kontakt mit uns<\/b><\/p>\n<p>Wenn Sie per Formular auf der Website oder per E-Mail Kontakt mit uns aufnehmen, werden Ihre angegebenen Daten zwecks Bearbeitung der Anfrage und f\u00fcr den Fall von Anschlussfragen sechs Monate bei uns gespeichert. Diese Daten geben wir nicht ohne Ihre Einwilligung weiter.<\/p>\n<p><b>Cookies<\/b><\/p>\n<p>Unsere Website verwendet so genannte Cookies. Dabei handelt es sich um kleine Textdateien, die mit Hilfe des Browsers auf Ihrem Endger\u00e4t abgelegt werden. Sie richten keinen Schaden an.<\/p>\n<p>Wir nutzen Cookies dazu, unser Angebot nutzerfreundlich zu gestalten. Einige Cookies bleiben auf Ihrem Endger\u00e4t gespeichert, bis Sie diese l\u00f6schen. Sie erm\u00f6glichen es uns, Ihren Browser beim n\u00e4chsten Besuch wiederzuerkennen.<\/p>\n<p>Wenn Sie dies nicht w\u00fcnschen, so k\u00f6nnen Sie Ihren Browser so einrichten, dass er Sie \u00fcber das Setzen von Cookies informiert und Sie dies nur im Einzelfall erlauben.<\/p>\n<p>Bei der Deaktivierung von Cookies kann die Funktionalit\u00e4t unserer Website eingeschr\u00e4nkt sein.<\/p>\n<p><b>Web-Analyse<\/b><\/p>\n<p>Unsere Website verwendet Funktionen des Webanalysedienstes \u201eGoogle Analytics\u201c, welcher von der Google LLC, 1600 Amphitheatre Parkway Mountain View, CA 94043, USA. Dazu werden Cookies verwendet, die eine Analyse der Benutzung der Website durch Ihre Benutzer erm\u00f6glicht. Die dadurch erzeugten Informationen werden auf den Server des Anbieters \u00fcbertragen und dort gespeichert.<\/p>\n<p>Sie k\u00f6nnen dies verhindern, indem Sie Ihren Browser so einrichten, dass keine Cookies gespeichert werden.<\/p>\n<p>Wir haben mit dem Anbieter einen entsprechenden Vertrag zur Auftragsdatenverarbeitung abgeschlossen.<\/p>\n<p><b>Ihre Rechte<\/b><\/p>\n<p>Ihnen stehen bez\u00fcglich Ihrer bei uns gespeicherten Daten grunds\u00e4tzlich die Rechte auf Auskunft, Berichtigung, L\u00f6schung, Einschr\u00e4nkung, Daten\u00fcbertragbarkeit, Widerruf und Widerspruch zu. Wenn Sie glauben, dass die Verarbeitung Ihrer Daten gegen das Datenschutzrecht verst\u00f6\u00dft oder Ihre datenschutzrechtlichen Anspr\u00fcche sonst in einer Weise verletzt worden sind, k\u00f6nnen Sie sich bei uns (<i>office@farm-gps.at)<\/i> oder der Datenschutzbeh\u00f6rde beschweren.<\/p>\n<p><b>Sie erreichen uns unter folgenden Kontaktdaten<\/b>:<\/p>\n<p>RTK Solutions GmbH<\/p>\n<p>Ranseredt 8, 4773 Eggerding<\/p>\n<p>T: +436641432721<\/p>\n<p>E: office@farm-gps.at<\/p>\n<\/div><\/section>\n<div  style='height:50px' class='hr hr-invisible   avia-builder-el-2  el_after_av_textblock  avia-builder-el-last '><span class='hr-inner ' ><span class='hr-inner-style'><\/span><\/span><\/div>\n","protected":false},"excerpt":{"rendered":"","protected":false},"author":1,"featured_media":0,"parent":606,"menu_order":0,"comment_status":"closed","ping_status":"closed","template":"","meta":{"_monsterinsights_skip_tracking":false,"_monsterinsights_sitenote_active":false,"_monsterinsights_sitenote_note":"","_monsterinsights_sitenote_category":0},"yoast_head":"<!-- This site is optimized with the Yoast SEO plugin v15.7 - https:\/\/yoast.com\/wordpress\/plugins\/seo\/ -->\n<title>Datenschutz - Farm GPS<\/title>\n<meta name=\"robots\" content=\"index, follow, max-snippet:-1, max-image-preview:large, max-video-preview:-1\" \/>\n<link rel=\"canonical\" href=\"https:\/\/www.farm-gps.at\/?page_id=1328\" \/>\n<meta property=\"og:locale\" content=\"en_US\" \/>\n<meta property=\"og:type\" content=\"article\" \/>\n<meta property=\"og:title\" content=\"Datenschutz - Farm GPS\" \/>\n<meta property=\"og:url\" content=\"https:\/\/www.farm-gps.at\/?page_id=1328\" \/>\n<meta property=\"og:site_name\" content=\"Farm GPS\" \/>\n<meta property=\"article:modified_time\" content=\"2020-10-18T14:10:56+00:00\" \/>\n<meta name=\"twitter:card\" content=\"summary_large_image\" \/>\n<meta name=\"twitter:label1\" content=\"Est. reading time\">\n\t<meta name=\"twitter:data1\" content=\"3 minutes\">\n<script type=\"application\/ld+json\" class=\"yoast-schema-graph\">{\"@context\":\"https:\/\/schema.org\",\"@graph\":[{\"@type\":\"WebSite\",\"@id\":\"https:\/\/www.farm-gps.at\/#website\",\"url\":\"https:\/\/www.farm-gps.at\/\",\"name\":\"Farm GPS\",\"description\":\"Einfache und kosteng\\u00fcnstige RTK L\\u00f6sungen\",\"potentialAction\":[{\"@type\":\"SearchAction\",\"target\":\"https:\/\/www.farm-gps.at\/?s={search_term_string}\",\"query-input\":\"required name=search_term_string\"}],\"inLanguage\":\"en-US\"},{\"@type\":\"WebPage\",\"@id\":\"https:\/\/www.farm-gps.at\/?page_id=1328#webpage\",\"url\":\"https:\/\/www.farm-gps.at\/?page_id=1328\",\"name\":\"Datenschutz - Farm GPS\",\"isPartOf\":{\"@id\":\"https:\/\/www.farm-gps.at\/#website\"},\"datePublished\":\"2017-02-13T14:58:49+00:00\",\"dateModified\":\"2020-10-18T14:10:56+00:00\",\"inLanguage\":\"en-US\",\"potentialAction\":[{\"@type\":\"ReadAction\",\"target\":[\"https:\/\/www.farm-gps.at\/?page_id=1328\"]}]}]}<\/script>\n<!-- \/ Yoast SEO plugin. -->","_links":{"self":[{"href":"https:\/\/www.farm-gps.at\/index.php?rest_route=\/wp\/v2\/pages\/1328"}],"collection":[{"href":"https:\/\/www.farm-gps.at\/index.php?rest_route=\/wp\/v2\/pages"}],"about":[{"href":"https:\/\/www.farm-gps.at\/index.php?rest_route=\/wp\/v2\/types\/page"}],"author":[{"embeddable":true,"href":"https:\/\/www.farm-gps.at\/index.php?rest_route=\/wp\/v2\/users\/1"}],"replies":[{"embeddable":true,"href":"https:\/\/www.farm-gps.at\/index.php?rest_route=%2Fwp%2Fv2%2Fcomments&post=1328"}],"version-history":[{"count":2,"href":"https:\/\/www.farm-gps.at\/index.php?rest_route=\/wp\/v2\/pages\/1328\/revisions"}],"predecessor-version":[{"id":3442,"href":"https:\/\/www.farm-gps.at\/index.php?rest_route=\/wp\/v2\/pages\/1328\/revisions\/3442"}],"up":[{"embeddable":true,"href":"https:\/\/www.farm-gps.at\/index.php?rest_route=\/wp\/v2\/pages\/606"}],"wp:attachment":[{"href":"https:\/\/www.farm-gps.at\/index.php?rest_route=%2Fwp%2Fv2%2Fmedia&parent=1328"}],"curies":[{"name":"wp","href":"https:\/\/api.w.org\/{rel}","templated":true}]}}